{"id":22,"date":"2017-01-24T05:42:20","date_gmt":"2017-01-24T07:42:20","guid":{"rendered":"http:\/\/indiegroundthemes.com\/journey\/version4\/?page_id=22"},"modified":"2019-01-31T10:42:31","modified_gmt":"2019-01-31T12:42:31","slug":"sobre","status":"publish","type":"page","link":"https:\/\/www.colegioflorenca.com.br\/blog\/sobre\/","title":{"rendered":"Sobre"},"content":{"rendered":"<p>[vc_row][vc_column][vc_column_text]<\/p>\n<p><img loading=\"lazy\" decoding=\"async\" class=\"aligncenter wp-image-1437 size-large\" src=\"https:\/\/www.colegioflorenca.com.br\/blog\/wp-content\/uploads\/2019\/01\/matriculas-2019-1024x379.jpg\" alt=\"Col\u00e9gio Floren\u00e7a 2019 - Matr\u00edculas Abertas\" width=\"1000\" height=\"370\" srcset=\"https:\/\/www.colegioflorenca.com.br\/blog\/wp-content\/uploads\/2019\/01\/matriculas-2019-1024x379.jpg 1024w, https:\/\/www.colegioflorenca.com.br\/blog\/wp-content\/uploads\/2019\/01\/matriculas-2019-300x111.jpg 300w, https:\/\/www.colegioflorenca.com.br\/blog\/wp-content\/uploads\/2019\/01\/matriculas-2019-768x284.jpg 768w, https:\/\/www.colegioflorenca.com.br\/blog\/wp-content\/uploads\/2019\/01\/matriculas-2019.jpg 1702w\" sizes=\"auto, (max-width: 1000px) 100vw, 1000px\" \/><\/p>\n<h1><\/h1>\n<h1 style=\"text-align: center;\">Col\u00e9gio Acad\u00eamico Floren\u00e7a &#8211; Escola infantil refer\u00eancia em Florian\u00f3polis<\/h1>\n<p>A hist\u00f3ria do Col\u00e9gio Acad\u00eamico Floren\u00e7a come\u00e7ou em 2004 na cidade de Florian\u00f3polis. A primeira sede da escola infantil era localizada no bairro Trindade, onde funcionava com nada mais do que 20 alunos em uma estrutura bastante simples.<\/p>\n<p><strong><a href=\"https:\/\/www.colegioflorenca.com.br\/blog\/nossa-equipe-2019\/\">Clique aqui<\/a> e conhe\u00e7a a equipe do Col\u00e9gio Floren\u00e7a!<\/strong><\/p>\n<p>Dois anos depois a Escola foi transferida para o bairro Santa M\u00f4nica, nas proximidades do bairro Itacorubi, onde passou a contar com um espa\u00e7o amplo e privilegiado.<\/p>\n<p>A Dire\u00e7\u00e3o foi assumida pelo pesquisador da inf\u00e2ncia e doutor em Educa\u00e7\u00e3o, Prof. Roger Hansen, que organizou a equipe pedag\u00f3gica e come\u00e7ou a desenvolver os estudos e pesquisas de uma proposta educacional diferenciada, de maneira que a estrutura f\u00edsica foi transformada para se adaptar ao modelo pedag\u00f3gico inovador. A partir de ent\u00e3o foram lan\u00e7adas as bases da Pedagogia Floren\u00e7a.<\/p>\n<p>Em 2010, a escola estabelece parceria com o professor alem\u00e3o Walter Gutdeutsch, e a partir desse trabalho come\u00e7a a ser estruturada a sua metodologia de educa\u00e7\u00e3o para beb\u00eas, pioneira no Brasil e que veio a se tornar refer\u00eancia nacional.<\/p>\n<p>Desde ent\u00e3o tornou-se crescente o n\u00famero de pais e educadores interessados em conhecer a Escola. Foi quando a partir de 2016 formalizou-se o primeiro curso da Pedagogia Floren\u00e7a aberto para p\u00fablico externo. E em 2017 foi editado o livro Pedagogia Floren\u00e7a I.<\/p>\n<p>Atualmente o modelo educacional do Col\u00e9gio Floren\u00e7a \u00e9 uma refer\u00eancia consolidada e a escola recebe anualmente dezenas de educadores que buscam inspira\u00e7\u00e3o em sua destacada Pedagogia, que segue sendo desenvolvida com intenso trabalho de estudos e pesquisas.<\/p>\n<p>[\/vc_column_text][\/vc_column][\/vc_row]<\/p>\n","protected":false},"excerpt":{"rendered":"<p>[vc_row][vc_column][vc_column_text] Col\u00e9gio Acad\u00eamico Floren\u00e7a &#8211; Escola infantil refer\u00eancia em Florian\u00f3polis A hist\u00f3ria do Col\u00e9gio Acad\u00eamico Floren\u00e7a come\u00e7ou em 2004 na cidade de Florian\u00f3polis. A primeira sede da escola infantil era localizada no bairro Trindade, onde funcionava com nada mais do que 20 alunos em uma estrutura bastante simples. Clique aqui e conhe\u00e7a a equipe do [&hellip;]<\/p>\n","protected":false},"author":1,"featured_media":0,"parent":0,"menu_order":0,"comment_status":"closed","ping_status":"closed","template":"template-page-full.php","meta":{"footnotes":""},"class_list":["post-22","page","type-page","status-publish","hentry"],"yoast_head":"<!-- This site is optimized with the Yoast SEO plugin v17.1 - https:\/\/yoast.com\/wordpress\/plugins\/seo\/ -->\n<title>Sobre o Col\u00e9gio Floren\u00e7a - Blog do Col\u00e9gio Acad\u00eamico Floren\u00e7a<\/title>\n<meta name=\"description\" content=\"A hist\u00f3ria do Col\u00e9gio Acad\u00eamico Floren\u00e7a come\u00e7ou h\u00e1 15 anos. A primeira sede da escola funcionava com nada mais do que 20 alunos em uma estrutura simples.\" \/>\n<meta name=\"robots\" content=\"index, follow, max-snippet:-1, max-image-preview:large, max-video-preview:-1\" \/>\n<link rel=\"canonical\" href=\"https:\/\/www.colegioflorenca.com.br\/blog\/sobre\/\" \/>\n<meta property=\"og:locale\" content=\"pt_BR\" \/>\n<meta property=\"og:type\" content=\"article\" \/>\n<meta property=\"og:title\" content=\"Sobre o Col\u00e9gio Floren\u00e7a - Blog do Col\u00e9gio Acad\u00eamico Floren\u00e7a\" \/>\n<meta property=\"og:description\" content=\"A hist\u00f3ria do Col\u00e9gio Acad\u00eamico Floren\u00e7a come\u00e7ou h\u00e1 15 anos. A primeira sede da escola funcionava com nada mais do que 20 alunos em uma estrutura simples.\" \/>\n<meta property=\"og:url\" content=\"https:\/\/www.colegioflorenca.com.br\/blog\/sobre\/\" \/>\n<meta property=\"og:site_name\" content=\"Blog do Col\u00e9gio Acad\u00eamico Floren\u00e7a\" \/>\n<meta property=\"article:publisher\" content=\"https:\/\/www.facebook.com\/colegioflorenca\" \/>\n<meta property=\"article:modified_time\" content=\"2019-01-31T12:42:31+00:00\" \/>\n<meta property=\"og:image\" content=\"https:\/\/www.colegioflorenca.com.br\/blog\/wp-content\/uploads\/2019\/01\/matriculas-2019-1024x379.jpg\" \/>\n<meta name=\"twitter:card\" content=\"summary_large_image\" \/>\n<meta name=\"twitter:label1\" content=\"Est. tempo de leitura\" \/>\n\t<meta name=\"twitter:data1\" content=\"2 minutos\" \/>\n<script type=\"application\/ld+json\" class=\"yoast-schema-graph\">{\"@context\":\"https:\/\/schema.org\",\"@graph\":[{\"@type\":\"WebSite\",\"@id\":\"https:\/\/www.colegioflorenca.com.br\/blog\/#website\",\"url\":\"https:\/\/www.colegioflorenca.com.br\/blog\/\",\"name\":\"Col\\u00e9gio Acad\\u00eamico Floren\\u00e7a\",\"description\":\"Col\\u00e9gio Floren\\u00e7a - Escola Infantil em Florian\\u00f3polis\",\"potentialAction\":[{\"@type\":\"SearchAction\",\"target\":{\"@type\":\"EntryPoint\",\"urlTemplate\":\"https:\/\/www.colegioflorenca.com.br\/blog\/?s={search_term_string}\"},\"query-input\":\"required name=search_term_string\"}],\"inLanguage\":\"pt-BR\"},{\"@type\":\"ImageObject\",\"@id\":\"https:\/\/www.colegioflorenca.com.br\/blog\/sobre\/#primaryimage\",\"inLanguage\":\"pt-BR\",\"url\":\"https:\/\/www.colegioflorenca.com.br\/blog\/wp-content\/uploads\/2019\/01\/matriculas-2019-1024x379.jpg\",\"contentUrl\":\"https:\/\/www.colegioflorenca.com.br\/blog\/wp-content\/uploads\/2019\/01\/matriculas-2019-1024x379.jpg\"},{\"@type\":\"WebPage\",\"@id\":\"https:\/\/www.colegioflorenca.com.br\/blog\/sobre\/#webpage\",\"url\":\"https:\/\/www.colegioflorenca.com.br\/blog\/sobre\/\",\"name\":\"Sobre o Col\\u00e9gio Floren\\u00e7a - Blog do Col\\u00e9gio Acad\\u00eamico Floren\\u00e7a\",\"isPartOf\":{\"@id\":\"https:\/\/www.colegioflorenca.com.br\/blog\/#website\"},\"primaryImageOfPage\":{\"@id\":\"https:\/\/www.colegioflorenca.com.br\/blog\/sobre\/#primaryimage\"},\"datePublished\":\"2017-01-24T07:42:20+00:00\",\"dateModified\":\"2019-01-31T12:42:31+00:00\",\"description\":\"A hist\\u00f3ria do Col\\u00e9gio Acad\\u00eamico Floren\\u00e7a come\\u00e7ou h\\u00e1 15 anos. A primeira sede da escola funcionava com nada mais do que 20 alunos em uma estrutura simples.\",\"breadcrumb\":{\"@id\":\"https:\/\/www.colegioflorenca.com.br\/blog\/sobre\/#breadcrumb\"},\"inLanguage\":\"pt-BR\",\"potentialAction\":[{\"@type\":\"ReadAction\",\"target\":[\"https:\/\/www.colegioflorenca.com.br\/blog\/sobre\/\"]}]},{\"@type\":\"BreadcrumbList\",\"@id\":\"https:\/\/www.colegioflorenca.com.br\/blog\/sobre\/#breadcrumb\",\"itemListElement\":[{\"@type\":\"ListItem\",\"position\":1,\"name\":\"In\\u00edcio\",\"item\":\"https:\/\/www.colegioflorenca.com.br\/blog\/\"},{\"@type\":\"ListItem\",\"position\":2,\"name\":\"Sobre\"}]}]}<\/script>\n<!-- \/ Yoast SEO plugin. -->","yoast_head_json":{"title":"Sobre o Col\u00e9gio Floren\u00e7a - Blog do Col\u00e9gio Acad\u00eamico Floren\u00e7a","description":"A hist\u00f3ria do Col\u00e9gio Acad\u00eamico Floren\u00e7a come\u00e7ou h\u00e1 15 anos. A primeira sede da escola funcionava com nada mais do que 20 alunos em uma estrutura simples.","robots":{"index":"index","follow":"follow","max-snippet":"max-snippet:-1","max-image-preview":"max-image-preview:large","max-video-preview":"max-video-preview:-1"},"canonical":"https:\/\/www.colegioflorenca.com.br\/blog\/sobre\/","og_locale":"pt_BR","og_type":"article","og_title":"Sobre o Col\u00e9gio Floren\u00e7a - Blog do Col\u00e9gio Acad\u00eamico Floren\u00e7a","og_description":"A hist\u00f3ria do Col\u00e9gio Acad\u00eamico Floren\u00e7a come\u00e7ou h\u00e1 15 anos. A primeira sede da escola funcionava com nada mais do que 20 alunos em uma estrutura simples.","og_url":"https:\/\/www.colegioflorenca.com.br\/blog\/sobre\/","og_site_name":"Blog do Col\u00e9gio Acad\u00eamico Floren\u00e7a","article_publisher":"https:\/\/www.facebook.com\/colegioflorenca","article_modified_time":"2019-01-31T12:42:31+00:00","og_image":[{"url":"https:\/\/www.colegioflorenca.com.br\/blog\/wp-content\/uploads\/2019\/01\/matriculas-2019-1024x379.jpg"}],"twitter_card":"summary_large_image","twitter_misc":{"Est. tempo de leitura":"2 minutos"},"schema":{"@context":"https:\/\/schema.org","@graph":[{"@type":"WebSite","@id":"https:\/\/www.colegioflorenca.com.br\/blog\/#website","url":"https:\/\/www.colegioflorenca.com.br\/blog\/","name":"Col\u00e9gio Acad\u00eamico Floren\u00e7a","description":"Col\u00e9gio Floren\u00e7a - Escola Infantil em Florian\u00f3polis","potentialAction":[{"@type":"SearchAction","target":{"@type":"EntryPoint","urlTemplate":"https:\/\/www.colegioflorenca.com.br\/blog\/?s={search_term_string}"},"query-input":"required name=search_term_string"}],"inLanguage":"pt-BR"},{"@type":"ImageObject","@id":"https:\/\/www.colegioflorenca.com.br\/blog\/sobre\/#primaryimage","inLanguage":"pt-BR","url":"https:\/\/www.colegioflorenca.com.br\/blog\/wp-content\/uploads\/2019\/01\/matriculas-2019-1024x379.jpg","contentUrl":"https:\/\/www.colegioflorenca.com.br\/blog\/wp-content\/uploads\/2019\/01\/matriculas-2019-1024x379.jpg"},{"@type":"WebPage","@id":"https:\/\/www.colegioflorenca.com.br\/blog\/sobre\/#webpage","url":"https:\/\/www.colegioflorenca.com.br\/blog\/sobre\/","name":"Sobre o Col\u00e9gio Floren\u00e7a - Blog do Col\u00e9gio Acad\u00eamico Floren\u00e7a","isPartOf":{"@id":"https:\/\/www.colegioflorenca.com.br\/blog\/#website"},"primaryImageOfPage":{"@id":"https:\/\/www.colegioflorenca.com.br\/blog\/sobre\/#primaryimage"},"datePublished":"2017-01-24T07:42:20+00:00","dateModified":"2019-01-31T12:42:31+00:00","description":"A hist\u00f3ria do Col\u00e9gio Acad\u00eamico Floren\u00e7a come\u00e7ou h\u00e1 15 anos. A primeira sede da escola funcionava com nada mais do que 20 alunos em uma estrutura simples.","breadcrumb":{"@id":"https:\/\/www.colegioflorenca.com.br\/blog\/sobre\/#breadcrumb"},"inLanguage":"pt-BR","potentialAction":[{"@type":"ReadAction","target":["https:\/\/www.colegioflorenca.com.br\/blog\/sobre\/"]}]},{"@type":"BreadcrumbList","@id":"https:\/\/www.colegioflorenca.com.br\/blog\/sobre\/#breadcrumb","itemListElement":[{"@type":"ListItem","position":1,"name":"In\u00edcio","item":"https:\/\/www.colegioflorenca.com.br\/blog\/"},{"@type":"ListItem","position":2,"name":"Sobre"}]}]}},"_links":{"self":[{"href":"https:\/\/www.colegioflorenca.com.br\/blog\/wp-json\/wp\/v2\/pages\/22","targetHints":{"allow":["GET"]}}],"collection":[{"href":"https:\/\/www.colegioflorenca.com.br\/blog\/wp-json\/wp\/v2\/pages"}],"about":[{"href":"https:\/\/www.colegioflorenca.com.br\/blog\/wp-json\/wp\/v2\/types\/page"}],"author":[{"embeddable":true,"href":"https:\/\/www.colegioflorenca.com.br\/blog\/wp-json\/wp\/v2\/users\/1"}],"replies":[{"embeddable":true,"href":"https:\/\/www.colegioflorenca.com.br\/blog\/wp-json\/wp\/v2\/comments?post=22"}],"version-history":[{"count":11,"href":"https:\/\/www.colegioflorenca.com.br\/blog\/wp-json\/wp\/v2\/pages\/22\/revisions"}],"predecessor-version":[{"id":1471,"href":"https:\/\/www.colegioflorenca.com.br\/blog\/wp-json\/wp\/v2\/pages\/22\/revisions\/1471"}],"wp:attachment":[{"href":"https:\/\/www.colegioflorenca.com.br\/blog\/wp-json\/wp\/v2\/media?parent=22"}],"curies":[{"name":"wp","href":"https:\/\/api.w.org\/{rel}","templated":true}]}}