{"id":24,"date":"2017-01-24T05:42:36","date_gmt":"2017-01-24T10:42:36","guid":{"rendered":"http:\/\/indiegroundthemes.com\/journey\/version4\/?page_id=24"},"modified":"2019-01-16T10:36:55","modified_gmt":"2019-01-16T12:36:55","slug":"contato","status":"publish","type":"page","link":"https:\/\/www.colegioflorenca.com.br\/blog\/contato\/","title":{"rendered":"Contato"},"content":{"rendered":"<p>[vc_row][vc_column width=&#8221;1\/2&#8243;][vc_column_text]<\/p>\n<h2>CONTATOS<\/h2>\n<div class=\"texto_destaque\">\n<p><i class=\"fa fa-map-marker\"><\/i>Col\u00e9gio Acad\u00eamico Floren\u00e7a<br \/>\nEscola Infantil em Florian\u00f3polis<\/p>\n<p>Rua Professor Paulo Roberto Martins, 91<br \/>\nBairro Santa M\u00f4nica \u2013 Florian\u00f3polis<br \/>\n(Pr\u00f3xima ao bairro Itacorubi)<\/p>\n<p>Florian\u00f3polis\/SC CEP: 88035-240<\/p>\n<\/div>\n<div class=\"icone\"><i class=\"fa fa-phone\"><\/i>\u00a0(48) 3233-1686<\/div>\n<div class=\"icone whatsapp\"><i class=\"fa fa-whatsapp\"><\/i> (48) 9 8829-0968 (WhatsApp)<\/div>\n<div class=\"icone\"><i class=\"fa fa-envelope\"><\/i> contato@colegioflorenca.com.br<\/div>\n<div><\/div>\n<h4>ATENDIMENTO<\/h4>\n<p>De segunda a sexta, das 7h30 \u00e0s 18h30[\/vc_column_text][\/vc_column][vc_column width=&#8221;1\/2&#8243;][vc_column_text]<\/p>\n<h2>ENVIE SUA MENSAGEM PARA A ESCOLA<\/h2>\n<p>[contact-form-7 id=&#8221;1111&#8243; title=&#8221;Contato&#8221;][\/vc_column_text][\/vc_column][\/vc_row]<\/p>\n","protected":false},"excerpt":{"rendered":"<p>[vc_row][vc_column width=&#8221;1\/2&#8243;][vc_column_text] CONTATOS Col\u00e9gio Acad\u00eamico Floren\u00e7a Escola Infantil em Florian\u00f3polis Rua Professor Paulo Roberto Martins, 91 Bairro Santa M\u00f4nica \u2013 Florian\u00f3polis (Pr\u00f3xima ao bairro Itacorubi) Florian\u00f3polis\/SC CEP: 88035-240 \u00a0(48) 3233-1686 (48) 9 8829-0968 (WhatsApp) contato@colegioflorenca.com.br ATENDIMENTO De segunda a sexta, das 7h30 \u00e0s 18h30[\/vc_column_text][\/vc_column][vc_column width=&#8221;1\/2&#8243;][vc_column_text] ENVIE SUA MENSAGEM PARA A ESCOLA [contact-form-7 id=&#8221;1111&#8243; title=&#8221;Contato&#8221;][\/vc_column_text][\/vc_column][\/vc_row]<\/p>\n","protected":false},"author":1,"featured_media":0,"parent":0,"menu_order":0,"comment_status":"closed","ping_status":"closed","template":"template-page-full.php","meta":{"footnotes":""},"class_list":["post-24","page","type-page","status-publish","hentry"],"yoast_head":"<!-- This site is optimized with the Yoast SEO plugin v17.1 - https:\/\/yoast.com\/wordpress\/plugins\/seo\/ -->\n<title>Entre em contato - Blog do Col\u00e9gio Acad\u00eamico Floren\u00e7a<\/title>\n<meta name=\"description\" content=\"Entre em contato conosco: Obtenha mais informa\u00e7\u00f5es sobre o universo da educa\u00e7\u00e3o infantil e sobre a metodologia da Pedagogia Floren\u00e7a.\" \/>\n<meta name=\"robots\" content=\"index, follow, max-snippet:-1, max-image-preview:large, max-video-preview:-1\" \/>\n<link rel=\"canonical\" href=\"https:\/\/www.colegioflorenca.com.br\/blog\/contato\/\" \/>\n<meta property=\"og:locale\" content=\"pt_BR\" \/>\n<meta property=\"og:type\" content=\"article\" \/>\n<meta property=\"og:title\" content=\"Entre em contato - Blog do Col\u00e9gio Acad\u00eamico Floren\u00e7a\" \/>\n<meta property=\"og:description\" content=\"Entre em contato conosco: Obtenha mais informa\u00e7\u00f5es sobre o universo da educa\u00e7\u00e3o infantil e sobre a metodologia da Pedagogia Floren\u00e7a.\" \/>\n<meta property=\"og:url\" content=\"https:\/\/www.colegioflorenca.com.br\/blog\/contato\/\" \/>\n<meta property=\"og:site_name\" content=\"Blog do Col\u00e9gio Acad\u00eamico Floren\u00e7a\" \/>\n<meta property=\"article:publisher\" content=\"https:\/\/www.facebook.com\/colegioflorenca\" \/>\n<meta property=\"article:modified_time\" content=\"2019-01-16T12:36:55+00:00\" \/>\n<meta name=\"twitter:card\" content=\"summary_large_image\" \/>\n<script type=\"application\/ld+json\" class=\"yoast-schema-graph\">{\"@context\":\"https:\/\/schema.org\",\"@graph\":[{\"@type\":\"WebSite\",\"@id\":\"https:\/\/www.colegioflorenca.com.br\/blog\/#website\",\"url\":\"https:\/\/www.colegioflorenca.com.br\/blog\/\",\"name\":\"Col\\u00e9gio Acad\\u00eamico Floren\\u00e7a\",\"description\":\"Col\\u00e9gio Floren\\u00e7a - Escola Infantil em Florian\\u00f3polis\",\"potentialAction\":[{\"@type\":\"SearchAction\",\"target\":{\"@type\":\"EntryPoint\",\"urlTemplate\":\"https:\/\/www.colegioflorenca.com.br\/blog\/?s={search_term_string}\"},\"query-input\":\"required name=search_term_string\"}],\"inLanguage\":\"pt-BR\"},{\"@type\":\"WebPage\",\"@id\":\"https:\/\/www.colegioflorenca.com.br\/blog\/contato\/#webpage\",\"url\":\"https:\/\/www.colegioflorenca.com.br\/blog\/contato\/\",\"name\":\"Entre em contato - Blog do Col\\u00e9gio Acad\\u00eamico Floren\\u00e7a\",\"isPartOf\":{\"@id\":\"https:\/\/www.colegioflorenca.com.br\/blog\/#website\"},\"datePublished\":\"2017-01-24T10:42:36+00:00\",\"dateModified\":\"2019-01-16T12:36:55+00:00\",\"description\":\"Entre em contato conosco: Obtenha mais informa\\u00e7\\u00f5es sobre o universo da educa\\u00e7\\u00e3o infantil e sobre a metodologia da Pedagogia Floren\\u00e7a.\",\"breadcrumb\":{\"@id\":\"https:\/\/www.colegioflorenca.com.br\/blog\/contato\/#breadcrumb\"},\"inLanguage\":\"pt-BR\",\"potentialAction\":[{\"@type\":\"ReadAction\",\"target\":[\"https:\/\/www.colegioflorenca.com.br\/blog\/contato\/\"]}]},{\"@type\":\"BreadcrumbList\",\"@id\":\"https:\/\/www.colegioflorenca.com.br\/blog\/contato\/#breadcrumb\",\"itemListElement\":[{\"@type\":\"ListItem\",\"position\":1,\"name\":\"In\\u00edcio\",\"item\":\"https:\/\/www.colegioflorenca.com.br\/blog\/\"},{\"@type\":\"ListItem\",\"position\":2,\"name\":\"Contato\"}]}]}<\/script>\n<!-- \/ Yoast SEO plugin. -->","yoast_head_json":{"title":"Entre em contato - Blog do Col\u00e9gio Acad\u00eamico Floren\u00e7a","description":"Entre em contato conosco: Obtenha mais informa\u00e7\u00f5es sobre o universo da educa\u00e7\u00e3o infantil e sobre a metodologia da Pedagogia Floren\u00e7a.","robots":{"index":"index","follow":"follow","max-snippet":"max-snippet:-1","max-image-preview":"max-image-preview:large","max-video-preview":"max-video-preview:-1"},"canonical":"https:\/\/www.colegioflorenca.com.br\/blog\/contato\/","og_locale":"pt_BR","og_type":"article","og_title":"Entre em contato - Blog do Col\u00e9gio Acad\u00eamico Floren\u00e7a","og_description":"Entre em contato conosco: Obtenha mais informa\u00e7\u00f5es sobre o universo da educa\u00e7\u00e3o infantil e sobre a metodologia da Pedagogia Floren\u00e7a.","og_url":"https:\/\/www.colegioflorenca.com.br\/blog\/contato\/","og_site_name":"Blog do Col\u00e9gio Acad\u00eamico Floren\u00e7a","article_publisher":"https:\/\/www.facebook.com\/colegioflorenca","article_modified_time":"2019-01-16T12:36:55+00:00","twitter_card":"summary_large_image","schema":{"@context":"https:\/\/schema.org","@graph":[{"@type":"WebSite","@id":"https:\/\/www.colegioflorenca.com.br\/blog\/#website","url":"https:\/\/www.colegioflorenca.com.br\/blog\/","name":"Col\u00e9gio Acad\u00eamico Floren\u00e7a","description":"Col\u00e9gio Floren\u00e7a - Escola Infantil em Florian\u00f3polis","potentialAction":[{"@type":"SearchAction","target":{"@type":"EntryPoint","urlTemplate":"https:\/\/www.colegioflorenca.com.br\/blog\/?s={search_term_string}"},"query-input":"required name=search_term_string"}],"inLanguage":"pt-BR"},{"@type":"WebPage","@id":"https:\/\/www.colegioflorenca.com.br\/blog\/contato\/#webpage","url":"https:\/\/www.colegioflorenca.com.br\/blog\/contato\/","name":"Entre em contato - Blog do Col\u00e9gio Acad\u00eamico Floren\u00e7a","isPartOf":{"@id":"https:\/\/www.colegioflorenca.com.br\/blog\/#website"},"datePublished":"2017-01-24T10:42:36+00:00","dateModified":"2019-01-16T12:36:55+00:00","description":"Entre em contato conosco: Obtenha mais informa\u00e7\u00f5es sobre o universo da educa\u00e7\u00e3o infantil e sobre a metodologia da Pedagogia Floren\u00e7a.","breadcrumb":{"@id":"https:\/\/www.colegioflorenca.com.br\/blog\/contato\/#breadcrumb"},"inLanguage":"pt-BR","potentialAction":[{"@type":"ReadAction","target":["https:\/\/www.colegioflorenca.com.br\/blog\/contato\/"]}]},{"@type":"BreadcrumbList","@id":"https:\/\/www.colegioflorenca.com.br\/blog\/contato\/#breadcrumb","itemListElement":[{"@type":"ListItem","position":1,"name":"In\u00edcio","item":"https:\/\/www.colegioflorenca.com.br\/blog\/"},{"@type":"ListItem","position":2,"name":"Contato"}]}]}},"_links":{"self":[{"href":"https:\/\/www.colegioflorenca.com.br\/blog\/wp-json\/wp\/v2\/pages\/24","targetHints":{"allow":["GET"]}}],"collection":[{"href":"https:\/\/www.colegioflorenca.com.br\/blog\/wp-json\/wp\/v2\/pages"}],"about":[{"href":"https:\/\/www.colegioflorenca.com.br\/blog\/wp-json\/wp\/v2\/types\/page"}],"author":[{"embeddable":true,"href":"https:\/\/www.colegioflorenca.com.br\/blog\/wp-json\/wp\/v2\/users\/1"}],"replies":[{"embeddable":true,"href":"https:\/\/www.colegioflorenca.com.br\/blog\/wp-json\/wp\/v2\/comments?post=24"}],"version-history":[{"count":8,"href":"https:\/\/www.colegioflorenca.com.br\/blog\/wp-json\/wp\/v2\/pages\/24\/revisions"}],"predecessor-version":[{"id":1433,"href":"https:\/\/www.colegioflorenca.com.br\/blog\/wp-json\/wp\/v2\/pages\/24\/revisions\/1433"}],"wp:attachment":[{"href":"https:\/\/www.colegioflorenca.com.br\/blog\/wp-json\/wp\/v2\/media?parent=24"}],"curies":[{"name":"wp","href":"https:\/\/api.w.org\/{rel}","templated":true}]}}